{"id":305,"date":"2024-11-19T08:22:32","date_gmt":"2024-11-19T13:22:32","guid":{"rendered":"https:\/\/the-essential-alchemist.com\/?post_type=product&#038;p=305"},"modified":"2026-04-18T08:54:41","modified_gmt":"2026-04-18T12:54:41","slug":"protection","status":"publish","type":"product","link":"https:\/\/the-essential-alchemist.com\/es\/producto\/protection\/","title":{"rendered":"PROTECTION"},"content":{"rendered":"<div class=\"wpb-content-wrapper\"><div data-vc-full-width=\"true\" data-vc-full-width-temp=\"true\" data-vc-full-width-init=\"false\" data-vc-stretch-content=\"true\" class=\"vc_row wpb_row vc_row-fluid vc_custom_1731896271639 vc_row-has-fill vc_row-no-padding wd-bg-center-bottom wd-rs-673aa3b322673 wd-section-stretch-content-no-pd\"><div class=\"wpb_column vc_column_container vc_col-sm-12 wd-rs-673b9646e6ea8\"><div class=\"vc_column-inner vc_custom_1731958345921\"><div class=\"wpb_wrapper\"><div class=\"vc_separator wpb_content_element vc_separator_align_center vc_sep_width_100 vc_sep_pos_align_center vc_separator_no_text\" ><span class=\"vc_sep_holder vc_sep_holder_l\"><span style=\"border-color:#6856504A;\" class=\"vc_sep_line\"><\/span><\/span><span class=\"vc_sep_holder vc_sep_holder_r\"><span style=\"border-color:#6856504A;\" class=\"vc_sep_line\"><\/span><\/span>\n<\/div><div class=\"vc_empty_space\"   style=\"height: 64px\"><span class=\"vc_empty_space_inner\"><\/span><\/div><div class=\"vc_row wpb_row vc_inner vc_row-fluid vc_column-gap-30 vc_row-o-content-middle vc_row-flex wd-rs-673aa04247a0d\"><div class=\"wpb_column vc_column_container vc_col-sm-6\"><div class=\"vc_column-inner\"><div class=\"wpb_wrapper\">\n\t\t<div id=\"wd-673c9315e5d82\" class=\"title-wrapper wd-wpb wd-set-mb reset-last-child  wd-rs-673c9315e5d82 wd-title-color-default wd-title-style-default text-left vc_custom_1732023075705 wd-underline-colored\">\n\t\t\t\n\t\t\t<div class=\"liner-continer\">\n\t\t\t\t<h4 class=\"woodmart-title-container title  wd-font-weight- wd-fontsize-xxl\" >El campo energ\u00e9tico humano<\/h4>\n\t\t\t\t\t\t\t<\/div>\n\t\t\t\n\t\t\t\n\t\t\t\n\t\t<\/div>\n\t\t\n\t\t\n\t\t<div id=\"wd-673c9325e289e\" class=\"title-wrapper wd-wpb wd-set-mb reset-last-child  wd-rs-673c9325e289e wd-title-color-default wd-title-style-default text-left vc_custom_1732023084266 wd-underline-colored\">\n\t\t\t\n\t\t\t<div class=\"liner-continer\">\n\t\t\t\t<h4 class=\"woodmart-title-container title  wd-font-weight- wd-fontsize-m\" >Nuestra conexi\u00f3n con el cosmos a trav\u00e9s de la energ\u00eda<\/h4>\n\t\t\t\t\t\t\t<\/div>\n\t\t\t\n\t\t\t\n\t\t\t\n\t\t<\/div>\n\t\t\n\t\t\t\t<div id=\"wd-673c932f4c372\" class=\"wd-text-block wd-wpb reset-last-child wd-rs-673c932f4c372 text-left wd-width-enabled\" style=\"--wd-max-width: 90%;\">\n\t\t\t<p>Desde la antig\u00fcedad se habla de una energ\u00eda que fluye a trav\u00e9s de todos los seres vivos. Esta energ\u00eda invisible pero poderosa se conoce como campo electromagn\u00e9tico humano. No s\u00f3lo nos rodea y pulsa desde dentro, sino que tambi\u00e9n nos conecta con el exterior y el campo electromagn\u00e9tico de la Tierra. No estamos separados ni aislados; Estamos interconectados con una red de energ\u00eda que nos une con todo el cosmos.<\/p>\n<p>Nuestro campo electromagn\u00e9tico es parte de nuestro ser, nuestra energ\u00eda y nuestra existencia. No podemos verlo, pero est\u00e1 ah\u00ed. Es nuestro veh\u00edculo energ\u00e9tico el que nos permite movernos en este plano 3D. Se nutre de nuestros pensamientos y emociones. Nuestros pensamientos env\u00edan una se\u00f1al el\u00e9ctrica al campo y nuestros sentimientos atraen magn\u00e9ticamente situaciones de la vida.<\/p>\n\t\t<\/div>\n\t\t<\/div><\/div><\/div><div class=\"wpb_column vc_column_container vc_col-sm-6 text-center wd-rs-673aa1f0c1d8a\"><div class=\"vc_column-inner\"><div class=\"wpb_wrapper\">\t\t<div class=\"wd-el-video wd-wpb wd-rs-673c92543f2a7 wd-action-without wd-video-hosted wd-with-aspect-ratio\">\n\t\t\t\t\t\t\t<video src=\"https:\/\/the-essential-alchemist.com\/wp-content\/uploads\/protection.mp4\" playsinline loop muted autoplay><\/video>\t\t\t\n\t\t\t\n\t\t\t\n\t\t\t\t\t<\/div>\n\t\t<\/div><\/div><\/div><\/div><div class=\"vc_empty_space\" id=\"shop\"  style=\"height: 64px\"><span class=\"vc_empty_space_inner\"><\/span><\/div><div class=\"vc_row wpb_row vc_inner vc_row-fluid\"><div class=\"wpb_column vc_column_container vc_col-sm-3\"><div class=\"vc_column-inner\"><div class=\"wpb_wrapper\"><\/div><\/div><\/div><div class=\"wpb_column vc_column_container vc_col-sm-6\"><div class=\"vc_column-inner\"><div class=\"wpb_wrapper\">\t\t<div id=\"wd-673c92f0f0400\" class=\"wd-image wd-wpb wd-animation-zoom-in wd-animation-normal wd-rs-673c92f0f0400 text-center\">\n\t\t\t\n\t\t\t<img loading=\"lazy\" decoding=\"async\" width=\"760\" height=\"653\" src=\"https:\/\/the-essential-alchemist.com\/wp-content\/uploads\/beneficios-proteccion.png\" class=\"attachment-full size-full\" alt=\"\" srcset=\"https:\/\/the-essential-alchemist.com\/wp-content\/uploads\/beneficios-proteccion.png 760w, https:\/\/the-essential-alchemist.com\/wp-content\/uploads\/beneficios-proteccion-300x258.png 300w, https:\/\/the-essential-alchemist.com\/wp-content\/uploads\/beneficios-proteccion-150x129.png 150w, https:\/\/the-essential-alchemist.com\/wp-content\/uploads\/beneficios-proteccion-14x12.png 14w, https:\/\/the-essential-alchemist.com\/wp-content\/uploads\/beneficios-proteccion-600x516.png 600w, https:\/\/the-essential-alchemist.com\/wp-content\/uploads\/beneficios-proteccion-200x172.png 200w\" sizes=\"auto, (max-width: 760px) 100vw, 760px\" \/>\n\t\t\t\t\t<\/div>\n\t\t<\/div><\/div><\/div><div class=\"wpb_column vc_column_container vc_col-sm-3\"><div class=\"vc_column-inner\"><div class=\"wpb_wrapper\"><\/div><\/div><\/div><\/div><\/div><\/div><\/div><\/div><div class=\"vc_row-full-width vc_clearfix\"><\/div><div data-vc-full-width=\"true\" data-vc-full-width-temp=\"true\" data-vc-full-width-init=\"false\" data-vc-stretch-content=\"true\" class=\"vc_row wpb_row vc_row-fluid vc_custom_1731946353271 vc_row-has-fill vc_row-no-padding wd-bg-center-bottom wd-rs-673b67615bcfb wd-section-stretch-content-no-pd\"><div class=\"wpb_column vc_column_container vc_col-sm-12 wd-rs-673fdf0da966c\"><div class=\"vc_column-inner vc_custom_1732239120780\"><div class=\"wpb_wrapper\"><div class=\"vc_separator wpb_content_element vc_separator_align_center vc_sep_width_100 vc_sep_pos_align_center vc_separator_no_text\" ><span class=\"vc_sep_holder vc_sep_holder_l\"><span style=\"border-color:#6856504A;\" class=\"vc_sep_line\"><\/span><\/span><span class=\"vc_sep_holder vc_sep_holder_r\"><span style=\"border-color:#6856504A;\" class=\"vc_sep_line\"><\/span><\/span>\n<\/div><\/div><\/div><\/div><\/div><div class=\"vc_row-full-width vc_clearfix\"><\/div>\n<\/div>","protected":false},"excerpt":{"rendered":"<p><b>Guard Your Energy. Enjoy a new shield for your aura. <\/b><span style=\"font-weight: 400;\">In a world full of negativity and distractions, your energy is invaluable.<\/span><span style=\"font-weight: 400;\"><br \/>\n<\/span><span style=\"font-weight: 400;\">Your electromagnetic field is your personal shield \u2014 your non-physical vehicle in this world.<\/span><span style=\"font-weight: 400;\"><br \/>\n<\/span><span style=\"font-weight: 400;\">But&#8230; is it strong enough to truly protect you?<\/span><\/p>\n<p><span style=\"font-weight: 400;\">The PROTECTION essential oil blend is designed to create a powerful barrier against external energies that may drain you, interrupt you, or disturb your peace.<\/span><\/p>\n<ul>\n<li><span style=\"font-weight: 400;\">Purify your space<\/span><span style=\"font-weight: 400;\"><br \/>\n<\/span><\/li>\n<li><span style=\"font-weight: 400;\">Guard your personal energy<\/span><span style=\"font-weight: 400;\"><br \/>\n<\/span><\/li>\n<li><span style=\"font-weight: 400;\">Feel balanced, protected, and serene<\/span><\/li>\n<\/ul>\n<p><span style=\"font-weight: 400;\">Don\u2019t let negativity interfere with your peace. It\u2019s time to safeguard your aura and reclaim your power.<\/span><\/p>\n<p><span style=\"font-weight: 400;\">To transform this act of self-care into a complete ritual, <\/span><b>each roll-on includes exclusive access to its binaural frequency: 680\u2013690 Hz.<\/b><b><br \/>\n<\/b><span style=\"font-weight: 400;\">This frequency induces muscle relaxation and physical stability, enhancing vitality and a deep sense of energetic and emotional protection.<\/span><span style=\"font-weight: 400;\"><br \/>\n<\/span><span style=\"font-weight: 400;\">Perfect for releasing tension and supporting energetic and physical healing processes.<\/span><\/p>\n<p><span style=\"font-weight: 400;\">Scan the QR code on your bottle, plug in your headphones, and gift yourself a few moments to return to yourself\u2014calm, protected, and centered.<\/span><\/p>\n[html_block id=\"304\"]\n","protected":false},"featured_media":307,"comment_status":"open","ping_status":"closed","template":"","meta":{"h5ap_radio_sources":[]},"product_brand":[],"product_cat":[15],"product_tag":[],"class_list":{"0":"post-305","1":"product","2":"type-product","3":"status-publish","4":"has-post-thumbnail","6":"product_cat-essential-oil-elixir","8":"first","9":"instock","10":"sale","11":"taxable","12":"shipping-taxable","13":"purchasable","14":"product-type-simple"},"yoast_head":"<!-- This site is optimized with the Yoast SEO plugin v27.4 - https:\/\/yoast.com\/product\/yoast-seo-wordpress\/ -->\n<title>PROTECTION | The Essential Alchemist<\/title>\n<meta name=\"robots\" content=\"index, follow, max-snippet:-1, max-image-preview:large, max-video-preview:-1\" \/>\n<link rel=\"canonical\" href=\"https:\/\/the-essential-alchemist.com\/es\/producto\/protection\/\" \/>\n<meta property=\"og:locale\" content=\"es_ES\" \/>\n<meta property=\"og:type\" content=\"article\" \/>\n<meta property=\"og:title\" content=\"PROTECTION | The Essential Alchemist\" \/>\n<meta property=\"og:description\" content=\"Guard Your Energy. Enjoy a new shield for your aura. In a world full of negativity and distractions, your energy is invaluable. Your electromagnetic field is your personal shield \u2014 your non-physical vehicle in this world. But... is it strong enough to truly protect you?  The PROTECTION essential oil blend is designed to create a powerful barrier against external energies that may drain you, interrupt you, or disturb your peace.   Purify your space   Guard your personal energy   Feel balanced, protected, and serene  Don\u2019t let negativity interfere with your peace. It\u2019s time to safeguard your aura and reclaim your power.  To transform this act of self-care into a complete ritual, each roll-on includes exclusive access to its binaural frequency: 680\u2013690 Hz. This frequency induces muscle relaxation and physical stability, enhancing vitality and a deep sense of energetic and emotional protection. Perfect for releasing tension and supporting energetic and physical healing processes.  Scan the QR code on your bottle, plug in your headphones, and gift yourself a few moments to return to yourself\u2014calm, protected, and centered.\" \/>\n<meta property=\"og:url\" content=\"https:\/\/the-essential-alchemist.com\/es\/producto\/protection\/\" \/>\n<meta property=\"og:site_name\" content=\"The Essential Alchemist\" \/>\n<meta property=\"article:modified_time\" content=\"2026-04-18T12:54:41+00:00\" \/>\n<meta property=\"og:image\" content=\"https:\/\/the-essential-alchemist.com\/wp-content\/uploads\/Protection-1.webp\" \/>\n\t<meta property=\"og:image:width\" content=\"635\" \/>\n\t<meta property=\"og:image:height\" content=\"630\" \/>\n\t<meta property=\"og:image:type\" content=\"image\/webp\" \/>\n<meta name=\"twitter:card\" content=\"summary_large_image\" \/>\n<meta name=\"twitter:label1\" content=\"Tiempo de lectura\" \/>\n\t<meta name=\"twitter:data1\" content=\"2 minutos\" \/>\n<script type=\"application\/ld+json\" class=\"yoast-schema-graph\">{\"@context\":\"https:\\\/\\\/schema.org\",\"@graph\":[{\"@type\":\"WebPage\",\"@id\":\"https:\\\/\\\/the-essential-alchemist.com\\\/product\\\/protection\\\/\",\"url\":\"https:\\\/\\\/the-essential-alchemist.com\\\/product\\\/protection\\\/\",\"name\":\"PROTECTION | The Essential Alchemist\",\"isPartOf\":{\"@id\":\"https:\\\/\\\/the-essential-alchemist.com\\\/#website\"},\"primaryImageOfPage\":{\"@id\":\"https:\\\/\\\/the-essential-alchemist.com\\\/product\\\/protection\\\/#primaryimage\"},\"image\":{\"@id\":\"https:\\\/\\\/the-essential-alchemist.com\\\/product\\\/protection\\\/#primaryimage\"},\"thumbnailUrl\":\"https:\\\/\\\/the-essential-alchemist.com\\\/wp-content\\\/uploads\\\/Protection-1.webp\",\"datePublished\":\"2024-11-19T13:22:32+00:00\",\"dateModified\":\"2026-04-18T12:54:41+00:00\",\"breadcrumb\":{\"@id\":\"https:\\\/\\\/the-essential-alchemist.com\\\/product\\\/protection\\\/#breadcrumb\"},\"inLanguage\":\"es\",\"potentialAction\":[{\"@type\":\"ReadAction\",\"target\":[\"https:\\\/\\\/the-essential-alchemist.com\\\/product\\\/protection\\\/\"]}]},{\"@type\":\"ImageObject\",\"inLanguage\":\"es\",\"@id\":\"https:\\\/\\\/the-essential-alchemist.com\\\/product\\\/protection\\\/#primaryimage\",\"url\":\"https:\\\/\\\/the-essential-alchemist.com\\\/wp-content\\\/uploads\\\/Protection-1.webp\",\"contentUrl\":\"https:\\\/\\\/the-essential-alchemist.com\\\/wp-content\\\/uploads\\\/Protection-1.webp\",\"width\":635,\"height\":630},{\"@type\":\"BreadcrumbList\",\"@id\":\"https:\\\/\\\/the-essential-alchemist.com\\\/product\\\/protection\\\/#breadcrumb\",\"itemListElement\":[{\"@type\":\"ListItem\",\"position\":1,\"name\":\"Home\",\"item\":\"https:\\\/\\\/the-essential-alchemist.com\\\/\"},{\"@type\":\"ListItem\",\"position\":2,\"name\":\"Shop\",\"item\":\"https:\\\/\\\/the-essential-alchemist.com\\\/shop\\\/\"},{\"@type\":\"ListItem\",\"position\":3,\"name\":\"PROTECTION\"}]},{\"@type\":\"WebSite\",\"@id\":\"https:\\\/\\\/the-essential-alchemist.com\\\/#website\",\"url\":\"https:\\\/\\\/the-essential-alchemist.com\\\/\",\"name\":\"The Essential Alchemist\",\"description\":\"AVA ESSENCE\",\"publisher\":{\"@id\":\"https:\\\/\\\/the-essential-alchemist.com\\\/#organization\"},\"alternateName\":\"The Essential Alchemist\",\"potentialAction\":[{\"@type\":\"SearchAction\",\"target\":{\"@type\":\"EntryPoint\",\"urlTemplate\":\"https:\\\/\\\/the-essential-alchemist.com\\\/?s={search_term_string}\"},\"query-input\":{\"@type\":\"PropertyValueSpecification\",\"valueRequired\":true,\"valueName\":\"search_term_string\"}}],\"inLanguage\":\"es\"},{\"@type\":\"Organization\",\"@id\":\"https:\\\/\\\/the-essential-alchemist.com\\\/#organization\",\"name\":\"The Essential Alchemist\",\"alternateName\":\"The Essential Alchemist\",\"url\":\"https:\\\/\\\/the-essential-alchemist.com\\\/\",\"logo\":{\"@type\":\"ImageObject\",\"inLanguage\":\"es\",\"@id\":\"https:\\\/\\\/the-essential-alchemist.com\\\/#\\\/schema\\\/logo\\\/image\\\/\",\"url\":\"https:\\\/\\\/the-essential-alchemist.com\\\/wp-content\\\/uploads\\\/Logo-AVAessence-09.png\",\"contentUrl\":\"https:\\\/\\\/the-essential-alchemist.com\\\/wp-content\\\/uploads\\\/Logo-AVAessence-09.png\",\"width\":623,\"height\":382,\"caption\":\"The Essential Alchemist\"},\"image\":{\"@id\":\"https:\\\/\\\/the-essential-alchemist.com\\\/#\\\/schema\\\/logo\\\/image\\\/\"}}]}<\/script>\n<!-- \/ Yoast SEO plugin. -->","yoast_head_json":{"title":"PROTECTION | The Essential Alchemist","robots":{"index":"index","follow":"follow","max-snippet":"max-snippet:-1","max-image-preview":"max-image-preview:large","max-video-preview":"max-video-preview:-1"},"canonical":"https:\/\/the-essential-alchemist.com\/es\/producto\/protection\/","og_locale":"es_ES","og_type":"article","og_title":"PROTECTION | The Essential Alchemist","og_description":"Guard Your Energy. Enjoy a new shield for your aura. In a world full of negativity and distractions, your energy is invaluable. Your electromagnetic field is your personal shield \u2014 your non-physical vehicle in this world. But... is it strong enough to truly protect you?  The PROTECTION essential oil blend is designed to create a powerful barrier against external energies that may drain you, interrupt you, or disturb your peace.   Purify your space   Guard your personal energy   Feel balanced, protected, and serene  Don\u2019t let negativity interfere with your peace. It\u2019s time to safeguard your aura and reclaim your power.  To transform this act of self-care into a complete ritual, each roll-on includes exclusive access to its binaural frequency: 680\u2013690 Hz. This frequency induces muscle relaxation and physical stability, enhancing vitality and a deep sense of energetic and emotional protection. Perfect for releasing tension and supporting energetic and physical healing processes.  Scan the QR code on your bottle, plug in your headphones, and gift yourself a few moments to return to yourself\u2014calm, protected, and centered.","og_url":"https:\/\/the-essential-alchemist.com\/es\/producto\/protection\/","og_site_name":"The Essential Alchemist","article_modified_time":"2026-04-18T12:54:41+00:00","og_image":[{"width":635,"height":630,"url":"https:\/\/the-essential-alchemist.com\/wp-content\/uploads\/Protection-1.webp","type":"image\/webp"}],"twitter_card":"summary_large_image","twitter_misc":{"Tiempo de lectura":"2 minutos"},"schema":{"@context":"https:\/\/schema.org","@graph":[{"@type":"WebPage","@id":"https:\/\/the-essential-alchemist.com\/product\/protection\/","url":"https:\/\/the-essential-alchemist.com\/product\/protection\/","name":"PROTECTION | The Essential Alchemist","isPartOf":{"@id":"https:\/\/the-essential-alchemist.com\/#website"},"primaryImageOfPage":{"@id":"https:\/\/the-essential-alchemist.com\/product\/protection\/#primaryimage"},"image":{"@id":"https:\/\/the-essential-alchemist.com\/product\/protection\/#primaryimage"},"thumbnailUrl":"https:\/\/the-essential-alchemist.com\/wp-content\/uploads\/Protection-1.webp","datePublished":"2024-11-19T13:22:32+00:00","dateModified":"2026-04-18T12:54:41+00:00","breadcrumb":{"@id":"https:\/\/the-essential-alchemist.com\/product\/protection\/#breadcrumb"},"inLanguage":"es","potentialAction":[{"@type":"ReadAction","target":["https:\/\/the-essential-alchemist.com\/product\/protection\/"]}]},{"@type":"ImageObject","inLanguage":"es","@id":"https:\/\/the-essential-alchemist.com\/product\/protection\/#primaryimage","url":"https:\/\/the-essential-alchemist.com\/wp-content\/uploads\/Protection-1.webp","contentUrl":"https:\/\/the-essential-alchemist.com\/wp-content\/uploads\/Protection-1.webp","width":635,"height":630},{"@type":"BreadcrumbList","@id":"https:\/\/the-essential-alchemist.com\/product\/protection\/#breadcrumb","itemListElement":[{"@type":"ListItem","position":1,"name":"Home","item":"https:\/\/the-essential-alchemist.com\/"},{"@type":"ListItem","position":2,"name":"Shop","item":"https:\/\/the-essential-alchemist.com\/shop\/"},{"@type":"ListItem","position":3,"name":"PROTECTION"}]},{"@type":"WebSite","@id":"https:\/\/the-essential-alchemist.com\/#website","url":"https:\/\/the-essential-alchemist.com\/","name":"The Essential Alchemist","description":"AVA ESSENCE","publisher":{"@id":"https:\/\/the-essential-alchemist.com\/#organization"},"alternateName":"The Essential Alchemist","potentialAction":[{"@type":"SearchAction","target":{"@type":"EntryPoint","urlTemplate":"https:\/\/the-essential-alchemist.com\/?s={search_term_string}"},"query-input":{"@type":"PropertyValueSpecification","valueRequired":true,"valueName":"search_term_string"}}],"inLanguage":"es"},{"@type":"Organization","@id":"https:\/\/the-essential-alchemist.com\/#organization","name":"The Essential Alchemist","alternateName":"The Essential Alchemist","url":"https:\/\/the-essential-alchemist.com\/","logo":{"@type":"ImageObject","inLanguage":"es","@id":"https:\/\/the-essential-alchemist.com\/#\/schema\/logo\/image\/","url":"https:\/\/the-essential-alchemist.com\/wp-content\/uploads\/Logo-AVAessence-09.png","contentUrl":"https:\/\/the-essential-alchemist.com\/wp-content\/uploads\/Logo-AVAessence-09.png","width":623,"height":382,"caption":"The Essential Alchemist"},"image":{"@id":"https:\/\/the-essential-alchemist.com\/#\/schema\/logo\/image\/"}}]}},"_links":{"self":[{"href":"https:\/\/the-essential-alchemist.com\/es\/wp-json\/wp\/v2\/product\/305","targetHints":{"allow":["GET"]}}],"collection":[{"href":"https:\/\/the-essential-alchemist.com\/es\/wp-json\/wp\/v2\/product"}],"about":[{"href":"https:\/\/the-essential-alchemist.com\/es\/wp-json\/wp\/v2\/types\/product"}],"replies":[{"embeddable":true,"href":"https:\/\/the-essential-alchemist.com\/es\/wp-json\/wp\/v2\/comments?post=305"}],"wp:featuredmedia":[{"embeddable":true,"href":"https:\/\/the-essential-alchemist.com\/es\/wp-json\/wp\/v2\/media\/307"}],"wp:attachment":[{"href":"https:\/\/the-essential-alchemist.com\/es\/wp-json\/wp\/v2\/media?parent=305"}],"wp:term":[{"taxonomy":"product_brand","embeddable":true,"href":"https:\/\/the-essential-alchemist.com\/es\/wp-json\/wp\/v2\/product_brand?post=305"},{"taxonomy":"product_cat","embeddable":true,"href":"https:\/\/the-essential-alchemist.com\/es\/wp-json\/wp\/v2\/product_cat?post=305"},{"taxonomy":"product_tag","embeddable":true,"href":"https:\/\/the-essential-alchemist.com\/es\/wp-json\/wp\/v2\/product_tag?post=305"}],"curies":[{"name":"wp","href":"https:\/\/api.w.org\/{rel}","templated":true}]}}