{"id":603,"date":"2025-07-30T16:09:52","date_gmt":"2025-07-30T20:09:52","guid":{"rendered":"https:\/\/the-essential-alchemist.com\/?page_id=603"},"modified":"2025-07-30T17:06:20","modified_gmt":"2025-07-30T21:06:20","slug":"avaessence-return-policy","status":"publish","type":"page","link":"https:\/\/the-essential-alchemist.com\/es\/avaessence-return-policy\/","title":{"rendered":"Pol\u00edtica de Devoluciones AVAessence"},"content":{"rendered":"<div class=\"wpb-content-wrapper\"><div data-vc-full-width=\"true\" data-vc-full-width-temp=\"true\" data-vc-full-width-init=\"false\" data-vc-stretch-content=\"true\" class=\"vc_row wpb_row vc_row-fluid vc_custom_1731893397796 vc_row-no-padding wd-rs-673a989310272 wd-section-stretch-content-no-pd\"><div class=\"wpb_column vc_column_container vc_col-sm-12\"><div class=\"vc_column-inner\"><div class=\"wpb_wrapper\">\n\t\t\t\t<p class=\"rs-p-wp-fix\"><\/p>\n\t\t\t\t<sr7-module data-alias=\"Policy\" data-id=\"13\" id=\"SR7_13_1\" class=\"rs-ov-hidden\" data-version=\"6.7.35\">\n\t\t\t\t\t<sr7-adjuster><\/sr7-adjuster>\n\t\t\t\t\t<sr7-content>\n\t\t\t\t\t\t<sr7-slide id=\"SR7_13_1-29\" data-key=\"29\">\n\t\t\t\t\t\t\t<sr7-bg id=\"SR7_13_1-29-1\" class=\"sr7-layer\"><noscript><img decoding=\"async\" src=\"https:\/\/the-essential-alchemist.com\/wp-content\/uploads\/banner-blog.webp\" alt=\"banner-blog\" title=\"\"><\/noscript><\/sr7-bg>\n\t\t\t\t\t\t<\/sr7-slide>\n\t\t\t\t\t\t<sr7-slide id=\"SR7_13_1-30\" data-key=\"30\">\n\t\t\t\t\t\t<\/sr7-slide>\n\t\t\t\t\t<\/sr7-content>\n\t\t\t\t\t<image_lists style=\"display:none\">\n\t\t\t\t\t\t<img data-src=\"\/\/the-essential-alchemist.com\/wp-content\/uploads\/banner-blog.webp\" data-libid=\"345\" data-lib=\"medialibrary\" alt=\"banner-blog\" width=\"0\" height=\"0\" data-dbsrc=\"Ly90aGUtZXNzZW50aWFsLWFsY2hlbWlzdC5jb20vd3AtY29udGVudC91cGxvYWRzL2Jhbm5lci1ibG9nLndlYnA=\"\/>\n\t\t\t\t\t<\/image_lists>\n\t\t\t\t<\/sr7-module>\n\t\t\t\t<script>\n\t\t\t\t\tSR7.PMH ??={}; SR7.PMH[\"SR7_13_1\"] = {cn:100,state:false,fn: function() { if (_tpt!==undefined && _tpt.prepareModuleHeight !== undefined) {  _tpt.prepareModuleHeight({id:\"SR7_13_1\",el:[350,350,350,350,350],type:'standard',shdw:'0',gh:[350,350,350,350,350],gw:[1920,1920,1920,1920,480],vpt:['-100px&#039;,&#039;-100px&#039;,&#039;-100px&#039;,&#039;-100px&#039;,&#039;-100px'],size:{fullWidth:true, fullHeight:false},mh:'0',onh:0,onw:0,bg:{color:'{\"orig\":\"transparent\",\"type\":\"solid\",\"string\":\"transparent\"}'}});   SR7.PMH[\"SR7_13_1\"].state=true;} else if(SR7.PMH[\"SR7_13_1\"].cn-->0)\tsetTimeout( SR7.PMH[\"SR7_13_1\"].fn,19);}};SR7.PMH[\"SR7_13_1\" ].fn();\n\t\t\t\t<\/script>\n<\/div><\/div><\/div><\/div><div class=\"vc_row-full-width vc_clearfix\"><\/div><div data-vc-full-width=\"true\" data-vc-full-width-temp=\"true\" data-vc-full-width-init=\"false\" data-vc-stretch-content=\"true\" class=\"vc_row wpb_row vc_row-fluid vc_custom_1732028885303 vc_row-has-fill vc_row-no-padding wd-bg-center-bottom wd-rs-673ca9c4d05ea wd-section-stretch-content-no-pd\"><div class=\"wpb_column vc_column_container vc_col-sm-12 wd-rs-688a7d4b3f903\"><div class=\"vc_column-inner vc_custom_1753906513991\"><div class=\"wpb_wrapper\"><div class=\"vc_row wpb_row vc_inner vc_row-fluid vc_column-gap-35 wd-rs-673cc0978079f\"><div class=\"wpb_column vc_column_container vc_col-sm-2 wd-rs-673cc0a8b7079\"><div class=\"vc_column-inner vc_custom_1732034736624\"><div class=\"wpb_wrapper\"><\/div><\/div><\/div><div class=\"wpb_column vc_column_container vc_col-sm-8\"><div class=\"vc_column-inner\"><div class=\"wpb_wrapper\">\n\t\t<div id=\"wd-688a7c6de6420\" class=\"title-wrapper wd-wpb wd-set-mb reset-last-child  wd-rs-688a7c6de6420 wd-title-color-default wd-title-style-default text-left vc_custom_1753906289946 wd-width-enabled wd-underline-colored\" style=\"--wd-max-width: 80%;\">\n\t\t\t\n\t\t\t<div class=\"liner-continer\">\n\t\t\t\t<h4 class=\"woodmart-title-container title  wd-font-weight- wd-fontsize-xxl\" >AVAessence Return Policy<\/h4>\n\t\t\t\t\t\t\t<\/div>\n\t\t\t\n\t\t\t\n\t\t\t\n\t\t<\/div>\n\t\t\n\t\t\t\t<div id=\"wd-688a8924302aa\" class=\"wd-text-block wd-wpb reset-last-child wd-rs-688a8924302aa text-left wd-width-enabled \" style=\"--wd-max-width: 90%;\">\n\t\t\t<p>At AVAessence, we put intention, care, and high vibrational energy into every blend we create. Your satisfaction and well-being are at the heart of what we do. If for any reason you are not fully satisfied with your purchase, we\u2019re here to support you.<\/p>\n<h3><strong>Returns &amp; Exchanges<\/strong><\/h3>\n<ul>\n<li>You may return unopened and unused products within <strong>14 days<\/strong> of delivery for a refund or exchange.<\/li>\n<li>To be eligible, items must be in their original condition and packaging.<\/li>\n<li>Due to the nature of our products and for hygiene reasons, we <strong>cannot accept returns on opened or used items<\/strong> unless they arrived damaged or defective.<\/li>\n<\/ul>\n<h3><strong>Damaged or Incorrect Items<\/strong><\/h3>\n<p>If your order arrives damaged, defective, or you received the wrong item, please contact us within <strong>7 days<\/strong> of receiving your order. We&#8217;ll gladly send a replacement or issue a refund.<\/p>\n<h3><strong>How to Request a Return<\/strong><\/h3>\n<ol>\n<li>Email us at <span \n                data-original-string='JZ543obLrUrxKKNt6no5Wg==329WyKnt1yKEPBrMIC7dM3nYBQeacrMikBykFH9+xUfsgI5WsjC3Wyv3p2\/lDuPu5r\/'\n                class='apbct-email-encoder'\n                title='Este contacto ha sido codificado por Anti-Spam by CleanTalk. Haz clic para decodificar. Para finalizar la decodificaci\u00f3n, aseg\u00farate de que JavaScript est\u00e1 activado en tu navegador.'>he<span class=\"apbct-blur\">***<\/span>@<span class=\"apbct-blur\">*********************<\/span>st.com<\/span> with your order number, item(s) you wish to return, and reason for the return.<\/li>\n<li>We\u2019ll provide instructions and a return address.<\/li>\n<li>Once we receive and inspect the item(s), we will process your refund to the original method of payment (excluding shipping costs), or send your exchange.<\/li>\n<\/ol>\n<h3><strong>Please Note<\/strong><\/h3>\n<ul>\n<li>Return shipping costs are the responsibility of the customer unless the return is due to our error.<\/li>\n<li>We recommend using a trackable shipping service, as we are not responsible for items lost in transit.<\/li>\n<\/ul>\n<p>We appreciate your understanding and are here to help you feel supported throughout your AVAessence experience.<\/p>\n<p>With love,<br \/>\n<strong>The AVAessence Team<\/strong><\/p>\n\t\t<\/div>\n\t\t<\/div><\/div><\/div><div class=\"wpb_column vc_column_container vc_col-sm-2\"><div class=\"vc_column-inner\"><div class=\"wpb_wrapper\"><\/div><\/div><\/div><\/div>\n\t<div class=\"wpb_raw_code wpb_raw_html wpb_content_element\" >\n\t\t<div class=\"wpb_wrapper\">\n\t\t\t<script id=\"mcjs\">!function(c,h,i,m,p){m=c.createElement(h),p=c.getElementsByTagName(h)[0],m.async=1,m.src=i,p.parentNode.insertBefore(m,p)}(document,\"script\",\"https:\/\/chimpstatic.com\/mcjs-connected\/js\/users\/e13509384d367aef4be2e5367\/b2cc170781f9c9dd9b2cbcea7.js\");<\/script>\n\t\t<\/div>\n\t<\/div>\n<\/div><\/div><\/div><\/div><div class=\"vc_row-full-width vc_clearfix\"><\/div>\n<\/div>","protected":false},"excerpt":{"rendered":"AVAessence Return Policy At AVAessence, we put intention, care, and high vibrational energy into every blend we create. Your satisfaction","protected":false},"author":1,"featured_media":0,"parent":0,"menu_order":0,"comment_status":"closed","ping_status":"closed","template":"","meta":{"h5ap_radio_sources":[],"footnotes":""},"class_list":["post-603","page","type-page","status-publish","hentry"],"yoast_head":"<!-- This site is optimized with the Yoast SEO plugin v27.4 - https:\/\/yoast.com\/product\/yoast-seo-wordpress\/ -->\n<title>AVAessence Return Policy | The Essential Alchemist<\/title>\n<meta name=\"robots\" content=\"index, follow, max-snippet:-1, max-image-preview:large, max-video-preview:-1\" \/>\n<link rel=\"canonical\" href=\"https:\/\/the-essential-alchemist.com\/es\/avaessence-return-policy\/\" \/>\n<meta property=\"og:locale\" content=\"es_ES\" \/>\n<meta property=\"og:type\" content=\"article\" \/>\n<meta property=\"og:title\" content=\"AVAessence Return Policy | The Essential Alchemist\" \/>\n<meta property=\"og:url\" content=\"https:\/\/the-essential-alchemist.com\/es\/avaessence-return-policy\/\" \/>\n<meta property=\"og:site_name\" content=\"The Essential Alchemist\" \/>\n<meta property=\"article:modified_time\" content=\"2025-07-30T21:06:20+00:00\" \/>\n<meta property=\"og:image\" content=\"https:\/\/the-essential-alchemist.com\/wp-content\/uploads\/Logo-AVAessence-09.png\" \/>\n\t<meta property=\"og:image:width\" content=\"623\" \/>\n\t<meta property=\"og:image:height\" content=\"382\" \/>\n\t<meta property=\"og:image:type\" content=\"image\/png\" \/>\n<meta name=\"twitter:card\" content=\"summary_large_image\" \/>\n<meta name=\"twitter:label1\" content=\"Tiempo de lectura\" \/>\n\t<meta name=\"twitter:data1\" content=\"2 minutos\" \/>\n<script type=\"application\/ld+json\" class=\"yoast-schema-graph\">{\"@context\":\"https:\\\/\\\/schema.org\",\"@graph\":[{\"@type\":\"WebPage\",\"@id\":\"https:\\\/\\\/the-essential-alchemist.com\\\/avaessence-return-policy\\\/\",\"url\":\"https:\\\/\\\/the-essential-alchemist.com\\\/avaessence-return-policy\\\/\",\"name\":\"AVAessence Return Policy | The Essential Alchemist\",\"isPartOf\":{\"@id\":\"https:\\\/\\\/the-essential-alchemist.com\\\/#website\"},\"datePublished\":\"2025-07-30T20:09:52+00:00\",\"dateModified\":\"2025-07-30T21:06:20+00:00\",\"breadcrumb\":{\"@id\":\"https:\\\/\\\/the-essential-alchemist.com\\\/avaessence-return-policy\\\/#breadcrumb\"},\"inLanguage\":\"es\",\"potentialAction\":[{\"@type\":\"ReadAction\",\"target\":[\"https:\\\/\\\/the-essential-alchemist.com\\\/avaessence-return-policy\\\/\"]}]},{\"@type\":\"BreadcrumbList\",\"@id\":\"https:\\\/\\\/the-essential-alchemist.com\\\/avaessence-return-policy\\\/#breadcrumb\",\"itemListElement\":[{\"@type\":\"ListItem\",\"position\":1,\"name\":\"Home\",\"item\":\"https:\\\/\\\/the-essential-alchemist.com\\\/\"},{\"@type\":\"ListItem\",\"position\":2,\"name\":\"AVAessence Return Policy\"}]},{\"@type\":\"WebSite\",\"@id\":\"https:\\\/\\\/the-essential-alchemist.com\\\/#website\",\"url\":\"https:\\\/\\\/the-essential-alchemist.com\\\/\",\"name\":\"The Essential Alchemist\",\"description\":\"AVA ESSENCE\",\"publisher\":{\"@id\":\"https:\\\/\\\/the-essential-alchemist.com\\\/#organization\"},\"alternateName\":\"The Essential Alchemist\",\"potentialAction\":[{\"@type\":\"SearchAction\",\"target\":{\"@type\":\"EntryPoint\",\"urlTemplate\":\"https:\\\/\\\/the-essential-alchemist.com\\\/?s={search_term_string}\"},\"query-input\":{\"@type\":\"PropertyValueSpecification\",\"valueRequired\":true,\"valueName\":\"search_term_string\"}}],\"inLanguage\":\"es\"},{\"@type\":\"Organization\",\"@id\":\"https:\\\/\\\/the-essential-alchemist.com\\\/#organization\",\"name\":\"The Essential Alchemist\",\"alternateName\":\"The Essential Alchemist\",\"url\":\"https:\\\/\\\/the-essential-alchemist.com\\\/\",\"logo\":{\"@type\":\"ImageObject\",\"inLanguage\":\"es\",\"@id\":\"https:\\\/\\\/the-essential-alchemist.com\\\/#\\\/schema\\\/logo\\\/image\\\/\",\"url\":\"https:\\\/\\\/the-essential-alchemist.com\\\/wp-content\\\/uploads\\\/Logo-AVAessence-09.png\",\"contentUrl\":\"https:\\\/\\\/the-essential-alchemist.com\\\/wp-content\\\/uploads\\\/Logo-AVAessence-09.png\",\"width\":623,\"height\":382,\"caption\":\"The Essential Alchemist\"},\"image\":{\"@id\":\"https:\\\/\\\/the-essential-alchemist.com\\\/#\\\/schema\\\/logo\\\/image\\\/\"}}]}<\/script>\n<!-- \/ Yoast SEO plugin. -->","yoast_head_json":{"title":"AVAessence Return Policy | The Essential Alchemist","robots":{"index":"index","follow":"follow","max-snippet":"max-snippet:-1","max-image-preview":"max-image-preview:large","max-video-preview":"max-video-preview:-1"},"canonical":"https:\/\/the-essential-alchemist.com\/es\/avaessence-return-policy\/","og_locale":"es_ES","og_type":"article","og_title":"AVAessence Return Policy | The Essential Alchemist","og_url":"https:\/\/the-essential-alchemist.com\/es\/avaessence-return-policy\/","og_site_name":"The Essential Alchemist","article_modified_time":"2025-07-30T21:06:20+00:00","og_image":[{"width":623,"height":382,"url":"https:\/\/the-essential-alchemist.com\/wp-content\/uploads\/Logo-AVAessence-09.png","type":"image\/png"}],"twitter_card":"summary_large_image","twitter_misc":{"Tiempo de lectura":"2 minutos"},"schema":{"@context":"https:\/\/schema.org","@graph":[{"@type":"WebPage","@id":"https:\/\/the-essential-alchemist.com\/avaessence-return-policy\/","url":"https:\/\/the-essential-alchemist.com\/avaessence-return-policy\/","name":"AVAessence Return Policy | The Essential Alchemist","isPartOf":{"@id":"https:\/\/the-essential-alchemist.com\/#website"},"datePublished":"2025-07-30T20:09:52+00:00","dateModified":"2025-07-30T21:06:20+00:00","breadcrumb":{"@id":"https:\/\/the-essential-alchemist.com\/avaessence-return-policy\/#breadcrumb"},"inLanguage":"es","potentialAction":[{"@type":"ReadAction","target":["https:\/\/the-essential-alchemist.com\/avaessence-return-policy\/"]}]},{"@type":"BreadcrumbList","@id":"https:\/\/the-essential-alchemist.com\/avaessence-return-policy\/#breadcrumb","itemListElement":[{"@type":"ListItem","position":1,"name":"Home","item":"https:\/\/the-essential-alchemist.com\/"},{"@type":"ListItem","position":2,"name":"AVAessence Return Policy"}]},{"@type":"WebSite","@id":"https:\/\/the-essential-alchemist.com\/#website","url":"https:\/\/the-essential-alchemist.com\/","name":"The Essential Alchemist","description":"AVA ESSENCE","publisher":{"@id":"https:\/\/the-essential-alchemist.com\/#organization"},"alternateName":"The Essential Alchemist","potentialAction":[{"@type":"SearchAction","target":{"@type":"EntryPoint","urlTemplate":"https:\/\/the-essential-alchemist.com\/?s={search_term_string}"},"query-input":{"@type":"PropertyValueSpecification","valueRequired":true,"valueName":"search_term_string"}}],"inLanguage":"es"},{"@type":"Organization","@id":"https:\/\/the-essential-alchemist.com\/#organization","name":"The Essential Alchemist","alternateName":"The Essential Alchemist","url":"https:\/\/the-essential-alchemist.com\/","logo":{"@type":"ImageObject","inLanguage":"es","@id":"https:\/\/the-essential-alchemist.com\/#\/schema\/logo\/image\/","url":"https:\/\/the-essential-alchemist.com\/wp-content\/uploads\/Logo-AVAessence-09.png","contentUrl":"https:\/\/the-essential-alchemist.com\/wp-content\/uploads\/Logo-AVAessence-09.png","width":623,"height":382,"caption":"The Essential Alchemist"},"image":{"@id":"https:\/\/the-essential-alchemist.com\/#\/schema\/logo\/image\/"}}]}},"_links":{"self":[{"href":"https:\/\/the-essential-alchemist.com\/es\/wp-json\/wp\/v2\/pages\/603","targetHints":{"allow":["GET"]}}],"collection":[{"href":"https:\/\/the-essential-alchemist.com\/es\/wp-json\/wp\/v2\/pages"}],"about":[{"href":"https:\/\/the-essential-alchemist.com\/es\/wp-json\/wp\/v2\/types\/page"}],"author":[{"embeddable":true,"href":"https:\/\/the-essential-alchemist.com\/es\/wp-json\/wp\/v2\/users\/1"}],"replies":[{"embeddable":true,"href":"https:\/\/the-essential-alchemist.com\/es\/wp-json\/wp\/v2\/comments?post=603"}],"version-history":[{"count":8,"href":"https:\/\/the-essential-alchemist.com\/es\/wp-json\/wp\/v2\/pages\/603\/revisions"}],"predecessor-version":[{"id":617,"href":"https:\/\/the-essential-alchemist.com\/es\/wp-json\/wp\/v2\/pages\/603\/revisions\/617"}],"wp:attachment":[{"href":"https:\/\/the-essential-alchemist.com\/es\/wp-json\/wp\/v2\/media?parent=603"}],"curies":[{"name":"wp","href":"https:\/\/api.w.org\/{rel}","templated":true}]}}